{"id":1700,"date":"2019-06-05T10:18:30","date_gmt":"2019-06-05T08:18:30","guid":{"rendered":"http:\/\/ieronimus.es\/juro-de-felipe-ii\/"},"modified":"2020-08-24T12:04:15","modified_gmt":"2020-08-24T10:04:15","slug":"annuity-granted-by-philip-ii","status":"publish","type":"page","link":"https:\/\/ieronimus.es\/en\/annuity-granted-by-philip-ii\/","title":{"rendered":"Annuity granted by Philip II"},"content":{"rendered":"\n<h3 class=\"wp-block-heading\">1565<\/h3>\n\n\n\n<p>The granting of an annuity of fifty thousand <em>maraved\u00ed<\/em> coins to Francisco Fern\u00e1ndez de Li\u00e9bana, the founder of the Chapel of the Mother of God in the New Cathedral of Salamanca. Hanging seal of lead. Kept in a brass document holder.<\/p>\n","protected":false},"excerpt":{"rendered":"<p>1565 The granting of an annuity of fifty thousand maraved\u00ed coins to Francisco Fern\u00e1ndez de Li\u00e9bana, the founder of the Chapel of the Mother of God in the New Cathedral of Salamanca. Hanging seal of lead. Kept in a brass document holder.<\/p>\n","protected":false},"author":1,"featured_media":0,"parent":0,"menu_order":0,"comment_status":"closed","ping_status":"closed","template":"","meta":{"_acf_changed":false,"footnotes":""},"class_list":["post-1700","page","type-page","status-publish","hentry"],"acf":[],"_links":{"self":[{"href":"https:\/\/ieronimus.es\/en\/wp-json\/wp\/v2\/pages\/1700","targetHints":{"allow":["GET"]}}],"collection":[{"href":"https:\/\/ieronimus.es\/en\/wp-json\/wp\/v2\/pages"}],"about":[{"href":"https:\/\/ieronimus.es\/en\/wp-json\/wp\/v2\/types\/page"}],"author":[{"embeddable":true,"href":"https:\/\/ieronimus.es\/en\/wp-json\/wp\/v2\/users\/1"}],"replies":[{"embeddable":true,"href":"https:\/\/ieronimus.es\/en\/wp-json\/wp\/v2\/comments?post=1700"}],"version-history":[{"count":2,"href":"https:\/\/ieronimus.es\/en\/wp-json\/wp\/v2\/pages\/1700\/revisions"}],"predecessor-version":[{"id":1755,"href":"https:\/\/ieronimus.es\/en\/wp-json\/wp\/v2\/pages\/1700\/revisions\/1755"}],"wp:attachment":[{"href":"https:\/\/ieronimus.es\/en\/wp-json\/wp\/v2\/media?parent=1700"}],"curies":[{"name":"wp","href":"https:\/\/api.w.org\/{rel}","templated":true}]}}