{"id":2091,"date":"2020-08-26T12:02:52","date_gmt":"2020-08-26T10:02:52","guid":{"rendered":"http:\/\/ieronimus.es\/?page_id=2091"},"modified":"2021-04-07T13:10:44","modified_gmt":"2021-04-07T11:10:44","slug":"accesibilidad","status":"publish","type":"page","link":"https:\/\/ieronimus.es\/fr\/accesibilidad\/","title":{"rendered":"Accessibilit\u00e9"},"content":{"rendered":"\n<p><strong>Ieronimus pour tous les sens<\/strong><\/p>\n\n\n\n<p><strong>Notre grand d\u00e9fi: toucher tout le monde.<\/strong><\/p>\n\n\n\n<p>Pour cela, d&rsquo;Ieronimus nous avons les ressources suivantes:<\/p>\n\n\n\n<ul class=\"wp-block-list\"><li><strong>Pour la diversit\u00e9 cognitive:<\/strong> livret facile \u00e0 lire.<\/li><li><strong>Pour les malvoyants:<\/strong> brochure en braille<\/li><li><strong>En cas de handicap physique:<\/strong> nous ne sommes pas d\u00e9sol\u00e9s de vous proposer des ressources sur place. Nous vous proposons une ressource que vous pouvez utiliser depuis votre appareil mobile: www.salamancatourvirtual.es. Dans cette ressource technologique, vous pouvez contempler les vues de la tour moka de \u00abIeronimus\u00bb(les tours de la cath\u00e9drale), les cath\u00e9drales \u00e0 l&rsquo;ext\u00e9rieur et les temples de l&rsquo;ancienne cath\u00e9drale et de la nouvelle cath\u00e9drale \u00e0 l&rsquo;int\u00e9rieur. Si vous vous rendez \u00e0 Monumenta Salmanticae, sur la Calle Vera Cruz, ils vous fourniront des lunettes de r\u00e9alit\u00e9 augment\u00e9e pour que votre vision soit une exp\u00e9rience unique.<\/li><li><strong>Pour les malentendants:<\/strong> \u00e0 la billetterie nous avons une boucle magn\u00e9tique.<\/li><\/ul>\n","protected":false},"excerpt":{"rendered":"<p>Ieronimus pour tous les sens Notre grand d\u00e9fi: toucher tout le monde. Pour cela, d&rsquo;Ieronimus nous avons les ressources suivantes: Pour la diversit\u00e9 cognitive: livret facile \u00e0 lire. Pour les malvoyants: brochure en braille En cas de handicap physique: nous ne sommes pas d\u00e9sol\u00e9s de vous proposer des ressources sur place. Nous vous proposons une&#8230;<\/p>\n<div class=\" [&hellip;]\"><a href=\"https:\/\/ieronimus.es\/fr\/accesibilidad\/\">Read More <i class=\"os-icon os-icon-angle-right\"><\/i><\/a><\/div>\n","protected":false},"author":1,"featured_media":691,"parent":0,"menu_order":0,"comment_status":"closed","ping_status":"closed","template":"","meta":{"_acf_changed":false,"footnotes":""},"class_list":["post-2091","page","type-page","status-publish","has-post-thumbnail","hentry"],"acf":[],"_links":{"self":[{"href":"https:\/\/ieronimus.es\/fr\/wp-json\/wp\/v2\/pages\/2091","targetHints":{"allow":["GET"]}}],"collection":[{"href":"https:\/\/ieronimus.es\/fr\/wp-json\/wp\/v2\/pages"}],"about":[{"href":"https:\/\/ieronimus.es\/fr\/wp-json\/wp\/v2\/types\/page"}],"author":[{"embeddable":true,"href":"https:\/\/ieronimus.es\/fr\/wp-json\/wp\/v2\/users\/1"}],"replies":[{"embeddable":true,"href":"https:\/\/ieronimus.es\/fr\/wp-json\/wp\/v2\/comments?post=2091"}],"version-history":[{"count":2,"href":"https:\/\/ieronimus.es\/fr\/wp-json\/wp\/v2\/pages\/2091\/revisions"}],"predecessor-version":[{"id":2484,"href":"https:\/\/ieronimus.es\/fr\/wp-json\/wp\/v2\/pages\/2091\/revisions\/2484"}],"wp:featuredmedia":[{"embeddable":true,"href":"https:\/\/ieronimus.es\/fr\/wp-json\/wp\/v2\/media\/691"}],"wp:attachment":[{"href":"https:\/\/ieronimus.es\/fr\/wp-json\/wp\/v2\/media?parent=2091"}],"curies":[{"name":"wp","href":"https:\/\/api.w.org\/{rel}","templated":true}]}}