{"id":2122,"date":"2020-08-26T12:16:13","date_gmt":"2020-08-26T10:16:13","guid":{"rendered":"http:\/\/ieronimus.es\/?page_id=2122"},"modified":"2020-08-26T12:16:14","modified_gmt":"2020-08-26T10:16:14","slug":"christ-pectoral-du-cid","status":"publish","type":"page","link":"https:\/\/ieronimus.es\/fr\/christ-pectoral-du-cid\/","title":{"rendered":"Christ pectoral du Cid"},"content":{"rendered":"\n<h3 class=\"wp-block-heading\">11<sup>e<\/sup> si\u00e8cle. Bois et \u00e9mail.<\/h3>\n\n\n\n<p>Le crucifi\u00e9 est en cuivre dor\u00e9 et porte un suaire \u00e9maill\u00e9 en blanc et bleu. Il appartient au style roman de l\u2019\u00c9cole de Limoges. Il fut donn\u00e9 \u00e0 la Cath\u00e9drale de Salamanque par Mart\u00edn L\u00f3pez de Hontiveros le 23 d\u00e9cembre 1647. Selon la tradition, le Cid le portait lors des batailles.<\/p>\n","protected":false},"excerpt":{"rendered":"<p>11e si\u00e8cle. Bois et \u00e9mail. Le crucifi\u00e9 est en cuivre dor\u00e9 et porte un suaire \u00e9maill\u00e9 en blanc et bleu. Il appartient au style roman de l\u2019\u00c9cole de Limoges. Il fut donn\u00e9 \u00e0 la Cath\u00e9drale de Salamanque par Mart\u00edn L\u00f3pez de Hontiveros le 23 d\u00e9cembre 1647. Selon la tradition, le Cid le portait lors des&#8230;<\/p>\n<div class=\" [&hellip;]\"><a href=\"https:\/\/ieronimus.es\/fr\/christ-pectoral-du-cid\/\">Read More <i class=\"os-icon os-icon-angle-right\"><\/i><\/a><\/div>\n","protected":false},"author":1,"featured_media":312,"parent":0,"menu_order":0,"comment_status":"closed","ping_status":"closed","template":"","meta":{"_acf_changed":false,"footnotes":""},"class_list":["post-2122","page","type-page","status-publish","has-post-thumbnail","hentry"],"acf":[],"_links":{"self":[{"href":"https:\/\/ieronimus.es\/fr\/wp-json\/wp\/v2\/pages\/2122","targetHints":{"allow":["GET"]}}],"collection":[{"href":"https:\/\/ieronimus.es\/fr\/wp-json\/wp\/v2\/pages"}],"about":[{"href":"https:\/\/ieronimus.es\/fr\/wp-json\/wp\/v2\/types\/page"}],"author":[{"embeddable":true,"href":"https:\/\/ieronimus.es\/fr\/wp-json\/wp\/v2\/users\/1"}],"replies":[{"embeddable":true,"href":"https:\/\/ieronimus.es\/fr\/wp-json\/wp\/v2\/comments?post=2122"}],"version-history":[{"count":1,"href":"https:\/\/ieronimus.es\/fr\/wp-json\/wp\/v2\/pages\/2122\/revisions"}],"predecessor-version":[{"id":2123,"href":"https:\/\/ieronimus.es\/fr\/wp-json\/wp\/v2\/pages\/2122\/revisions\/2123"}],"wp:featuredmedia":[{"embeddable":true,"href":"https:\/\/ieronimus.es\/fr\/wp-json\/wp\/v2\/media\/312"}],"wp:attachment":[{"href":"https:\/\/ieronimus.es\/fr\/wp-json\/wp\/v2\/media?parent=2122"}],"curies":[{"name":"wp","href":"https:\/\/api.w.org\/{rel}","templated":true}]}}