{"id":2124,"date":"2020-08-26T12:17:00","date_gmt":"2020-08-26T10:17:00","guid":{"rendered":"http:\/\/ieronimus.es\/?page_id=2124"},"modified":"2020-08-26T12:17:01","modified_gmt":"2020-08-26T10:17:01","slug":"dessin-du-plan-et-de-la-coupe-transversale-de-la-coupole-de-la-nouvelle-cathedrale-de-joaquin-de-churriguera","status":"publish","type":"page","link":"https:\/\/ieronimus.es\/fr\/dessin-du-plan-et-de-la-coupe-transversale-de-la-coupole-de-la-nouvelle-cathedrale-de-joaquin-de-churriguera\/","title":{"rendered":"Dessin du plan et de la coupe transversale de la coupole de la Nouvelle Cath\u00e9drale, de Joaqu\u00edn de Churriguera"},"content":{"rendered":"\n<h3 class=\"wp-block-heading\">1742?<\/h3>\n\n\n\n<p>Dessin de la construction initiale de la coupole. Suite aux d\u00e9g\u00e2ts provoqu\u00e9s par le tremblement de terre de Lisbonne en 1755, seuls sont conserv\u00e9s le d\u00e9but des pendentifs et le tambour octogonal.<\/p>\n","protected":false},"excerpt":{"rendered":"<p>1742? Dessin de la construction initiale de la coupole. Suite aux d\u00e9g\u00e2ts provoqu\u00e9s par le tremblement de terre de Lisbonne en 1755, seuls sont conserv\u00e9s le d\u00e9but des pendentifs et le tambour octogonal.<\/p>\n","protected":false},"author":1,"featured_media":0,"parent":0,"menu_order":0,"comment_status":"closed","ping_status":"closed","template":"","meta":{"_acf_changed":false,"footnotes":""},"class_list":["post-2124","page","type-page","status-publish","hentry"],"acf":[],"_links":{"self":[{"href":"https:\/\/ieronimus.es\/fr\/wp-json\/wp\/v2\/pages\/2124","targetHints":{"allow":["GET"]}}],"collection":[{"href":"https:\/\/ieronimus.es\/fr\/wp-json\/wp\/v2\/pages"}],"about":[{"href":"https:\/\/ieronimus.es\/fr\/wp-json\/wp\/v2\/types\/page"}],"author":[{"embeddable":true,"href":"https:\/\/ieronimus.es\/fr\/wp-json\/wp\/v2\/users\/1"}],"replies":[{"embeddable":true,"href":"https:\/\/ieronimus.es\/fr\/wp-json\/wp\/v2\/comments?post=2124"}],"version-history":[{"count":1,"href":"https:\/\/ieronimus.es\/fr\/wp-json\/wp\/v2\/pages\/2124\/revisions"}],"predecessor-version":[{"id":2125,"href":"https:\/\/ieronimus.es\/fr\/wp-json\/wp\/v2\/pages\/2124\/revisions\/2125"}],"wp:attachment":[{"href":"https:\/\/ieronimus.es\/fr\/wp-json\/wp\/v2\/media?parent=2124"}],"curies":[{"name":"wp","href":"https:\/\/api.w.org\/{rel}","templated":true}]}}