{"id":2126,"date":"2020-08-26T12:17:51","date_gmt":"2020-08-26T10:17:51","guid":{"rendered":"http:\/\/ieronimus.es\/?page_id=2126"},"modified":"2020-08-26T12:17:52","modified_gmt":"2020-08-26T10:17:52","slug":"dessin-de-la-tour-des-cloches-realise-par-baltasar-devreton","status":"publish","type":"page","link":"https:\/\/ieronimus.es\/fr\/dessin-de-la-tour-des-cloches-realise-par-baltasar-devreton\/","title":{"rendered":"Dessin de la Tour des Cloches r\u00e9alis\u00e9 par Baltasar Devreton"},"content":{"rendered":"\n<h3 class=\"wp-block-heading\">1767<\/h3>\n\n\n\n<p>Projection de la Tour des Cloches, avec le renforcement du f\u00fbt m\u00e9di\u00e9val en pierres lisses et entass\u00e9es, la solution adopt\u00e9e pour la r\u00e9paration de la tour.<\/p>\n","protected":false},"excerpt":{"rendered":"<p>1767 Projection de la Tour des Cloches, avec le renforcement du f\u00fbt m\u00e9di\u00e9val en pierres lisses et entass\u00e9es, la solution adopt\u00e9e pour la r\u00e9paration de la tour.<\/p>\n","protected":false},"author":1,"featured_media":0,"parent":0,"menu_order":0,"comment_status":"closed","ping_status":"closed","template":"","meta":{"_acf_changed":false,"footnotes":""},"class_list":["post-2126","page","type-page","status-publish","hentry"],"acf":[],"_links":{"self":[{"href":"https:\/\/ieronimus.es\/fr\/wp-json\/wp\/v2\/pages\/2126","targetHints":{"allow":["GET"]}}],"collection":[{"href":"https:\/\/ieronimus.es\/fr\/wp-json\/wp\/v2\/pages"}],"about":[{"href":"https:\/\/ieronimus.es\/fr\/wp-json\/wp\/v2\/types\/page"}],"author":[{"embeddable":true,"href":"https:\/\/ieronimus.es\/fr\/wp-json\/wp\/v2\/users\/1"}],"replies":[{"embeddable":true,"href":"https:\/\/ieronimus.es\/fr\/wp-json\/wp\/v2\/comments?post=2126"}],"version-history":[{"count":1,"href":"https:\/\/ieronimus.es\/fr\/wp-json\/wp\/v2\/pages\/2126\/revisions"}],"predecessor-version":[{"id":2127,"href":"https:\/\/ieronimus.es\/fr\/wp-json\/wp\/v2\/pages\/2126\/revisions\/2127"}],"wp:attachment":[{"href":"https:\/\/ieronimus.es\/fr\/wp-json\/wp\/v2\/media?parent=2126"}],"curies":[{"name":"wp","href":"https:\/\/api.w.org\/{rel}","templated":true}]}}