{"id":2132,"date":"2020-08-26T12:19:09","date_gmt":"2020-08-26T10:19:09","guid":{"rendered":"http:\/\/ieronimus.es\/?page_id=2132"},"modified":"2020-08-26T12:19:09","modified_gmt":"2020-08-26T10:19:09","slug":"photographies-de-la-tour-des-cloches-et-de-la-coupole-de-la-nouvelle-cathedrale-avec-des-personnages-de-lepoque-sur-les-girouettes","status":"publish","type":"page","link":"https:\/\/ieronimus.es\/fr\/photographies-de-la-tour-des-cloches-et-de-la-coupole-de-la-nouvelle-cathedrale-avec-des-personnages-de-lepoque-sur-les-girouettes\/","title":{"rendered":"Photographies de la Tour des Cloches et de la Coupole de la Nouvelle Cath\u00e9drale avec des personnages de l\u2019\u00e9poque sur les girouettes"},"content":{"rendered":"\n<h3 class=\"wp-block-heading\">Fin du 19<sup>e<\/sup> si\u00e8cle &#8211; ann\u00e9es 20 du 20<sup>e<\/sup> si\u00e8cle.<\/h3>\n\n\n\n<p>Les sonneurs de cloches se chargeaient de contr\u00f4ler l\u2019\u00e9tat des tours et de nettoyer l\u2019horloge. <\/p>\n\n\n\n<p><strong>Fonds de Venancio Gombau et C\u00e1ndido Ansede. Origine\u00a0: Filmoth\u00e8que R\u00e9gionale de Castille et Le\u00f3n.<\/strong><\/p>\n","protected":false},"excerpt":{"rendered":"<p>Fin du 19e si\u00e8cle &#8211; ann\u00e9es 20 du 20e si\u00e8cle. Les sonneurs de cloches se chargeaient de contr\u00f4ler l\u2019\u00e9tat des tours et de nettoyer l\u2019horloge. Fonds de Venancio Gombau et C\u00e1ndido Ansede. Origine\u00a0: Filmoth\u00e8que R\u00e9gionale de Castille et Le\u00f3n.<\/p>\n","protected":false},"author":1,"featured_media":0,"parent":0,"menu_order":0,"comment_status":"closed","ping_status":"closed","template":"","meta":{"_acf_changed":false,"footnotes":""},"class_list":["post-2132","page","type-page","status-publish","hentry"],"acf":[],"_links":{"self":[{"href":"https:\/\/ieronimus.es\/fr\/wp-json\/wp\/v2\/pages\/2132","targetHints":{"allow":["GET"]}}],"collection":[{"href":"https:\/\/ieronimus.es\/fr\/wp-json\/wp\/v2\/pages"}],"about":[{"href":"https:\/\/ieronimus.es\/fr\/wp-json\/wp\/v2\/types\/page"}],"author":[{"embeddable":true,"href":"https:\/\/ieronimus.es\/fr\/wp-json\/wp\/v2\/users\/1"}],"replies":[{"embeddable":true,"href":"https:\/\/ieronimus.es\/fr\/wp-json\/wp\/v2\/comments?post=2132"}],"version-history":[{"count":1,"href":"https:\/\/ieronimus.es\/fr\/wp-json\/wp\/v2\/pages\/2132\/revisions"}],"predecessor-version":[{"id":2133,"href":"https:\/\/ieronimus.es\/fr\/wp-json\/wp\/v2\/pages\/2132\/revisions\/2133"}],"wp:attachment":[{"href":"https:\/\/ieronimus.es\/fr\/wp-json\/wp\/v2\/media?parent=2132"}],"curies":[{"name":"wp","href":"https:\/\/api.w.org\/{rel}","templated":true}]}}