{"id":2141,"date":"2019-06-05T15:22:23","date_gmt":"2019-06-05T13:22:23","guid":{"rendered":"http:\/\/ieronimus.es\/?page_id=2141"},"modified":"2022-02-03T11:45:34","modified_gmt":"2022-02-03T10:45:34","slug":"informacion","status":"publish","type":"page","link":"https:\/\/ieronimus.es\/fr\/informacion\/","title":{"rendered":"Information"},"content":{"rendered":"\n<h4 class=\"wp-block-heading\">Les tours de la cath\u00e9drale de Salamanque<\/h4>\n\n\n\n<p>Entr\u00e9e de la tour Moca de la cath\u00e9drale<br>Plaza Juan XXIII s\/n.<br>Tfnos.: 923 26 67 01<br>Courriel : <a href=\"mailto:ieronimus@ieronimus.es\">ieronimus@ieronimus.es<\/a><\/p>\n\n\n\n<p><strong>Ouvert tous les jours de la semaine<\/strong>.<\/p>\n\n\n\n<p><strong>Horaires de mars \u00e0 d\u00e9cembre: de 10h00 \u00e0 20h00.<\/strong><br>Dernier acc\u00e8s autoris\u00e9: 19h00<\/p>\n\n\n\n<p>Janvier et fevrier: de 10h00 \u00e0 18h00.<br>Dernier acc\u00e8s autoris\u00e9: 17h00<\/p>\n\n\n\n<p>Prix \u200b\u200bdu billet individuel : 4 \u20ac<br>Prix \u200b\u200bdu billet groupe : 3,50 \u20ac<br>(minimum 20 personnes)<\/p>\n\n\n\n<p><strong><a href=\"https:\/\/ieronimus.es\/fr\/visites-nocturnes\/\">Programmation des visites nocturnes.<\/a><\/strong><br><strong><a href=\"https:\/\/ieronimus.es\/fr\/visites-nocturnes\/\">V\u00e9rifier le calendrier.<\/a><\/strong><br>Prix \u200b\u200bdu billet: 10\u20ac\/personne<\/p>\n\n\n\n<hr class=\"wp-block-separator is-style-wide\"\/>\n\n\n\n<h4 class=\"wp-block-heading\">Ieronimus propose:<\/h4>\n\n\n\n<ul class=\"wp-block-list\"><li><strong>Visites guid\u00e9es pour groupes.<\/strong><\/li><\/ul>\n\n\n\n<ul class=\"wp-block-list\"><li><strong>Visites nocturnes \u00e0 la carte.<\/strong><\/li><\/ul>\n\n\n\n<ul class=\"wp-block-list\"><li><strong>Ieronimus en pour les \u00e9tudiants espagnols<\/strong><\/li><\/ul>\n\n\n\n<ul class=\"wp-block-list\"><li><a href=\"http:\/\/ieronimus.es\/toque-de-campanas\/\"><strong>Un tintement de cloches-cadeaux<\/strong><\/a>.<\/li><\/ul>\n\n\n\n<p> <\/p>\n\n\n<p><a href=\"https:\/\/www.facebook.com\/SalamancaIeronimus\/\"><i class=\"fab fa-facebook-square fa-2x\"><\/i><\/a> <a href=\"https:\/\/www.instagram.com\/salamancaieronimus\/\"><i class=\"fab fa-instagram-square fa-2x\"><\/i><\/a><\/p>\n\n\n\n<p><\/p>\n","protected":false},"excerpt":{"rendered":"<p>Les tours de la cath\u00e9drale de Salamanque Entr\u00e9e de la tour Moca de la cath\u00e9dralePlaza Juan XXIII s\/n.Tfnos.: 923 26 67 01Courriel : ieronimus@ieronimus.es Ouvert tous les jours de la semaine. Horaires de mars \u00e0 d\u00e9cembre: de 10h00 \u00e0 20h00.Dernier acc\u00e8s autoris\u00e9: 19h00 Janvier et fevrier: de 10h00 \u00e0 18h00.Dernier acc\u00e8s autoris\u00e9: 17h00 Prix \u200b\u200bdu&#8230;<\/p>\n<div class=\" [&hellip;]\"><a href=\"https:\/\/ieronimus.es\/fr\/informacion\/\">Read More <i class=\"os-icon os-icon-angle-right\"><\/i><\/a><\/div>\n","protected":false},"author":1,"featured_media":0,"parent":0,"menu_order":0,"comment_status":"closed","ping_status":"closed","template":"page-with-map.php","meta":{"_acf_changed":false,"footnotes":""},"class_list":["post-2141","page","type-page","status-publish","hentry"],"acf":[],"_links":{"self":[{"href":"https:\/\/ieronimus.es\/fr\/wp-json\/wp\/v2\/pages\/2141","targetHints":{"allow":["GET"]}}],"collection":[{"href":"https:\/\/ieronimus.es\/fr\/wp-json\/wp\/v2\/pages"}],"about":[{"href":"https:\/\/ieronimus.es\/fr\/wp-json\/wp\/v2\/types\/page"}],"author":[{"embeddable":true,"href":"https:\/\/ieronimus.es\/fr\/wp-json\/wp\/v2\/users\/1"}],"replies":[{"embeddable":true,"href":"https:\/\/ieronimus.es\/fr\/wp-json\/wp\/v2\/comments?post=2141"}],"version-history":[{"count":8,"href":"https:\/\/ieronimus.es\/fr\/wp-json\/wp\/v2\/pages\/2141\/revisions"}],"predecessor-version":[{"id":2744,"href":"https:\/\/ieronimus.es\/fr\/wp-json\/wp\/v2\/pages\/2141\/revisions\/2744"}],"wp:attachment":[{"href":"https:\/\/ieronimus.es\/fr\/wp-json\/wp\/v2\/media?parent=2141"}],"curies":[{"name":"wp","href":"https:\/\/api.w.org\/{rel}","templated":true}]}}