{"id":2143,"date":"2020-08-26T12:22:28","date_gmt":"2020-08-26T10:22:28","guid":{"rendered":"http:\/\/ieronimus.es\/?page_id=2143"},"modified":"2020-08-26T12:22:29","modified_gmt":"2020-08-26T10:22:29","slug":"instruments-a-vent-renaissance","status":"publish","type":"page","link":"https:\/\/ieronimus.es\/fr\/instruments-a-vent-renaissance\/","title":{"rendered":"Instruments \u00e0 vent renaissance"},"content":{"rendered":"\n<h3 class=\"wp-block-heading\">Flageolets. Vers 1530. Bois d\u2019\u00e9rable.<\/h3>\n\n\n\n<p>Ils appartiennent \u00e0 la Chapelle de Musique de la Cath\u00e9drale de Salamanque et, dans leur ensemble, ils constituent une des collections les plus compl\u00e8tes de celles qui sont conserv\u00e9es en Europe.<\/p>\n","protected":false},"excerpt":{"rendered":"<p>Flageolets. Vers 1530. Bois d\u2019\u00e9rable. Ils appartiennent \u00e0 la Chapelle de Musique de la Cath\u00e9drale de Salamanque et, dans leur ensemble, ils constituent une des collections les plus compl\u00e8tes de celles qui sont conserv\u00e9es en Europe.<\/p>\n","protected":false},"author":1,"featured_media":0,"parent":0,"menu_order":0,"comment_status":"closed","ping_status":"closed","template":"","meta":{"_acf_changed":false,"footnotes":""},"class_list":["post-2143","page","type-page","status-publish","hentry"],"acf":[],"_links":{"self":[{"href":"https:\/\/ieronimus.es\/fr\/wp-json\/wp\/v2\/pages\/2143","targetHints":{"allow":["GET"]}}],"collection":[{"href":"https:\/\/ieronimus.es\/fr\/wp-json\/wp\/v2\/pages"}],"about":[{"href":"https:\/\/ieronimus.es\/fr\/wp-json\/wp\/v2\/types\/page"}],"author":[{"embeddable":true,"href":"https:\/\/ieronimus.es\/fr\/wp-json\/wp\/v2\/users\/1"}],"replies":[{"embeddable":true,"href":"https:\/\/ieronimus.es\/fr\/wp-json\/wp\/v2\/comments?post=2143"}],"version-history":[{"count":1,"href":"https:\/\/ieronimus.es\/fr\/wp-json\/wp\/v2\/pages\/2143\/revisions"}],"predecessor-version":[{"id":2144,"href":"https:\/\/ieronimus.es\/fr\/wp-json\/wp\/v2\/pages\/2143\/revisions\/2144"}],"wp:attachment":[{"href":"https:\/\/ieronimus.es\/fr\/wp-json\/wp\/v2\/media?parent=2143"}],"curies":[{"name":"wp","href":"https:\/\/api.w.org\/{rel}","templated":true}]}}