{"id":2145,"date":"2020-08-26T12:26:22","date_gmt":"2020-08-26T10:26:22","guid":{"rendered":"http:\/\/ieronimus.es\/?page_id=2145"},"modified":"2020-08-26T12:26:23","modified_gmt":"2020-08-26T10:26:23","slug":"droit-perpetuel-de-propriete-accorde-par-philippe-ii","status":"publish","type":"page","link":"https:\/\/ieronimus.es\/fr\/droit-perpetuel-de-propriete-accorde-par-philippe-ii\/","title":{"rendered":"Droit perp\u00e9tuel de propri\u00e9t\u00e9 accord\u00e9 par Philippe II"},"content":{"rendered":"\n<h3 class=\"wp-block-heading\">1565<\/h3>\n\n\n\n<p>Concession d\u2019un droit perp\u00e9tuel de propri\u00e9t\u00e9 de cinquante mille marav\u00e9dis en faveur de Francisco Fern\u00e1ndez de Li\u00e9bana, fondateur de la Chapelle de la Madre de Dios \u00e0 la Nouvelle Cath\u00e9drale de Salamanque. Sceau en plomb suspendu. Ins\u00e9r\u00e9 dans un \u00e9tui en laiton porte privil\u00e8ges.<\/p>\n","protected":false},"excerpt":{"rendered":"<p>1565 Concession d\u2019un droit perp\u00e9tuel de propri\u00e9t\u00e9 de cinquante mille marav\u00e9dis en faveur de Francisco Fern\u00e1ndez de Li\u00e9bana, fondateur de la Chapelle de la Madre de Dios \u00e0 la Nouvelle Cath\u00e9drale de Salamanque. Sceau en plomb suspendu. Ins\u00e9r\u00e9 dans un \u00e9tui en laiton porte privil\u00e8ges.<\/p>\n","protected":false},"author":1,"featured_media":0,"parent":0,"menu_order":0,"comment_status":"closed","ping_status":"closed","template":"","meta":{"_acf_changed":false,"footnotes":""},"class_list":["post-2145","page","type-page","status-publish","hentry"],"acf":[],"_links":{"self":[{"href":"https:\/\/ieronimus.es\/fr\/wp-json\/wp\/v2\/pages\/2145","targetHints":{"allow":["GET"]}}],"collection":[{"href":"https:\/\/ieronimus.es\/fr\/wp-json\/wp\/v2\/pages"}],"about":[{"href":"https:\/\/ieronimus.es\/fr\/wp-json\/wp\/v2\/types\/page"}],"author":[{"embeddable":true,"href":"https:\/\/ieronimus.es\/fr\/wp-json\/wp\/v2\/users\/1"}],"replies":[{"embeddable":true,"href":"https:\/\/ieronimus.es\/fr\/wp-json\/wp\/v2\/comments?post=2145"}],"version-history":[{"count":1,"href":"https:\/\/ieronimus.es\/fr\/wp-json\/wp\/v2\/pages\/2145\/revisions"}],"predecessor-version":[{"id":2146,"href":"https:\/\/ieronimus.es\/fr\/wp-json\/wp\/v2\/pages\/2145\/revisions\/2146"}],"wp:attachment":[{"href":"https:\/\/ieronimus.es\/fr\/wp-json\/wp\/v2\/media?parent=2145"}],"curies":[{"name":"wp","href":"https:\/\/api.w.org\/{rel}","templated":true}]}}