{"id":2148,"date":"2020-08-26T12:28:08","date_gmt":"2020-08-26T10:28:08","guid":{"rendered":"http:\/\/ieronimus.es\/?page_id=2148"},"modified":"2021-04-21T14:27:37","modified_gmt":"2021-04-21T12:27:37","slug":"medidas-de-prevencion-del-covid-19","status":"publish","type":"page","link":"https:\/\/ieronimus.es\/fr\/medidas-de-prevencion-del-covid-19\/","title":{"rendered":"Mesures de pr\u00e9vention du COVID-19"},"content":{"rendered":"\n<p class=\"has-text-align-center\"><strong>Cr\u00e9ons tous un espace s\u00fbr!<\/strong><\/p>\n\n\n\n<hr class=\"wp-block-separator\"\/>\n\n\n\n<p>Pour votre visite, suivez les indications suivantes:<\/p>\n\n\n\n<ul class=\"wp-block-list\"><li>Pour contr\u00f4ler la capacit\u00e9 selon les recommandations des autorit\u00e9s, nous avons \u00e9chelonn\u00e9 l&rsquo;acc\u00e8s et activ\u00e9 la vente en ligne afin que vous puissiez planifier votre visite. <strong>Nous vous recommandons d&rsquo;acheter \u00e0 l&rsquo;avance sur www.ieronimus.es. Choisissez l&rsquo;heure de votre visite et vous y aurez acc\u00e8s jusqu&rsquo;\u00e0 cette heure indiqu\u00e9e.<\/strong> Vous disposez d&rsquo;un intervalle de 30 minutes avant d&rsquo;acc\u00e9der \u00e0 Ieronimus. Vous pouvez \u00e9galement acheter votre billet \u00e0 la billetterie. Pour toute question, contactez-nous au t\u00e9l. 923 26 67 01.<\/li><li><strong>Utilisez un masque et un gel hydroalcoolique<\/strong>. Vous trouverez plusieurs distributeurs sur le circuit.<\/li><li><strong>Maintenez une distance de s\u00e9curit\u00e9.<\/strong> La route Ieronimus est une route circulaire. Il existe quelques points \u00e0 double sens o\u00f9 vous pouvez traverser avec d&rsquo;autres visiteurs. Ceux-ci sont signal\u00e9s et il y a de l&rsquo;espace pour maintenir une distance de s\u00e9curit\u00e9. Nous vous demandons de c\u00e9der la place \u00e0 la personne que vous rencontrerez en personne. Avec \u00e9gards, il n&rsquo;y aura aucun probl\u00e8me \u00e0 maintenir une distance de s\u00e9curit\u00e9.<\/li><li><strong>Attention dans le clocher:<\/strong> l&rsquo;escalier \u00e0 l&rsquo;int\u00e9rieur est en haut et en bas. Un feu de signalisation r\u00e9gule la circulation.<\/li><li><strong><a href=\"\/wp-content\/uploads\/2021\/03\/ieronimus_folleto_frances.pdf\" target=\"_blank\" rel=\"noreferrer noopener\">Nous vous sugg\u00e9rons de t\u00e9l\u00e9charger votre mat\u00e9riel informatif<\/a>.<\/strong> Vous avez \u00e9galement un cadeau personnalis\u00e9: une sonnerie de cloches faite par vous: une sonnerie de cloches.<\/li><li><strong>Respectez les consignes des assistants et les panneaux que vous trouverez en cours de route.<\/strong><\/li><\/ul>\n","protected":false},"excerpt":{"rendered":"<p>Cr\u00e9ons tous un espace s\u00fbr! Pour votre visite, suivez les indications suivantes: Pour contr\u00f4ler la capacit\u00e9 selon les recommandations des autorit\u00e9s, nous avons \u00e9chelonn\u00e9 l&rsquo;acc\u00e8s et activ\u00e9 la vente en ligne afin que vous puissiez planifier votre visite. Nous vous recommandons d&rsquo;acheter \u00e0 l&rsquo;avance sur www.ieronimus.es. Choisissez l&rsquo;heure de votre visite et vous y aurez&#8230;<\/p>\n<div class=\" [&hellip;]\"><a href=\"https:\/\/ieronimus.es\/fr\/medidas-de-prevencion-del-covid-19\/\">Read More <i class=\"os-icon os-icon-angle-right\"><\/i><\/a><\/div>\n","protected":false},"author":1,"featured_media":0,"parent":0,"menu_order":0,"comment_status":"closed","ping_status":"closed","template":"","meta":{"_acf_changed":false,"footnotes":""},"class_list":["post-2148","page","type-page","status-publish","hentry"],"acf":[],"_links":{"self":[{"href":"https:\/\/ieronimus.es\/fr\/wp-json\/wp\/v2\/pages\/2148","targetHints":{"allow":["GET"]}}],"collection":[{"href":"https:\/\/ieronimus.es\/fr\/wp-json\/wp\/v2\/pages"}],"about":[{"href":"https:\/\/ieronimus.es\/fr\/wp-json\/wp\/v2\/types\/page"}],"author":[{"embeddable":true,"href":"https:\/\/ieronimus.es\/fr\/wp-json\/wp\/v2\/users\/1"}],"replies":[{"embeddable":true,"href":"https:\/\/ieronimus.es\/fr\/wp-json\/wp\/v2\/comments?post=2148"}],"version-history":[{"count":3,"href":"https:\/\/ieronimus.es\/fr\/wp-json\/wp\/v2\/pages\/2148\/revisions"}],"predecessor-version":[{"id":2542,"href":"https:\/\/ieronimus.es\/fr\/wp-json\/wp\/v2\/pages\/2148\/revisions\/2542"}],"wp:attachment":[{"href":"https:\/\/ieronimus.es\/fr\/wp-json\/wp\/v2\/media?parent=2148"}],"curies":[{"name":"wp","href":"https:\/\/api.w.org\/{rel}","templated":true}]}}