{"id":2152,"date":"2020-08-26T12:30:18","date_gmt":"2020-08-26T10:30:18","guid":{"rendered":"http:\/\/ieronimus.es\/?page_id=2152"},"modified":"2020-08-26T12:30:19","modified_gmt":"2020-08-26T10:30:19","slug":"ordonnance-royale-de-charles-quint","status":"publish","type":"page","link":"https:\/\/ieronimus.es\/fr\/ordonnance-royale-de-charles-quint\/","title":{"rendered":"Ordonnance royale de Charles Quint"},"content":{"rendered":"\n<h3 class=\"wp-block-heading\">1551<\/h3>\n\n\n\n<p>Ordonne au Conseil de Salamanque de permettre le passage des charrettes ferr\u00e9es dans les rues de la ville en vue du transport de la pierre, du bois et des autres mat\u00e9riaux n\u00e9cessaires \u00e0 la construction de la Nouvelle Cath\u00e9drale.<\/p>\n","protected":false},"excerpt":{"rendered":"<p>1551 Ordonne au Conseil de Salamanque de permettre le passage des charrettes ferr\u00e9es dans les rues de la ville en vue du transport de la pierre, du bois et des autres mat\u00e9riaux n\u00e9cessaires \u00e0 la construction de la Nouvelle Cath\u00e9drale.<\/p>\n","protected":false},"author":1,"featured_media":0,"parent":0,"menu_order":0,"comment_status":"closed","ping_status":"closed","template":"","meta":{"_acf_changed":false,"footnotes":""},"class_list":["post-2152","page","type-page","status-publish","hentry"],"acf":[],"_links":{"self":[{"href":"https:\/\/ieronimus.es\/fr\/wp-json\/wp\/v2\/pages\/2152","targetHints":{"allow":["GET"]}}],"collection":[{"href":"https:\/\/ieronimus.es\/fr\/wp-json\/wp\/v2\/pages"}],"about":[{"href":"https:\/\/ieronimus.es\/fr\/wp-json\/wp\/v2\/types\/page"}],"author":[{"embeddable":true,"href":"https:\/\/ieronimus.es\/fr\/wp-json\/wp\/v2\/users\/1"}],"replies":[{"embeddable":true,"href":"https:\/\/ieronimus.es\/fr\/wp-json\/wp\/v2\/comments?post=2152"}],"version-history":[{"count":1,"href":"https:\/\/ieronimus.es\/fr\/wp-json\/wp\/v2\/pages\/2152\/revisions"}],"predecessor-version":[{"id":2153,"href":"https:\/\/ieronimus.es\/fr\/wp-json\/wp\/v2\/pages\/2152\/revisions\/2153"}],"wp:attachment":[{"href":"https:\/\/ieronimus.es\/fr\/wp-json\/wp\/v2\/media?parent=2152"}],"curies":[{"name":"wp","href":"https:\/\/api.w.org\/{rel}","templated":true}]}}