{"id":2158,"date":"2020-08-26T12:31:16","date_gmt":"2020-08-26T10:31:16","guid":{"rendered":"http:\/\/ieronimus.es\/?page_id=2158"},"modified":"2021-04-07T13:14:01","modified_gmt":"2021-04-07T11:14:01","slug":"regalo-del-toque-de-campanas","status":"publish","type":"page","link":"https:\/\/ieronimus.es\/fr\/regalo-del-toque-de-campanas\/","title":{"rendered":"Don d&rsquo;une sonnerie de cloches"},"content":{"rendered":"\n<p>Ieronimus, les tours de la cath\u00e9drale, vous donne une sonnerie de cloches pour vous ou pour celui \u00e0 qui vous voulez l&rsquo;envoyer.<\/p>\n\n\n\n<p>Partagez sur vos r\u00e9seaux sociaux.<\/p>\n\n\n\n<p><a href=\"https:\/\/ieronimuscatedraldesalamanca.es\/toquedecampanasES.asp\">Acc\u00e9dez \u00e0 l&rsquo;application pour personnaliser votre toucher rapidement et facilement<\/a><\/p>\n","protected":false},"excerpt":{"rendered":"<p>Ieronimus, les tours de la cath\u00e9drale, vous donne une sonnerie de cloches pour vous ou pour celui \u00e0 qui vous voulez l&rsquo;envoyer. Partagez sur vos r\u00e9seaux sociaux. Acc\u00e9dez \u00e0 l&rsquo;application pour personnaliser votre toucher rapidement et facilement<\/p>\n","protected":false},"author":1,"featured_media":0,"parent":0,"menu_order":0,"comment_status":"closed","ping_status":"closed","template":"","meta":{"_acf_changed":false,"footnotes":""},"class_list":["post-2158","page","type-page","status-publish","hentry"],"acf":[],"_links":{"self":[{"href":"https:\/\/ieronimus.es\/fr\/wp-json\/wp\/v2\/pages\/2158","targetHints":{"allow":["GET"]}}],"collection":[{"href":"https:\/\/ieronimus.es\/fr\/wp-json\/wp\/v2\/pages"}],"about":[{"href":"https:\/\/ieronimus.es\/fr\/wp-json\/wp\/v2\/types\/page"}],"author":[{"embeddable":true,"href":"https:\/\/ieronimus.es\/fr\/wp-json\/wp\/v2\/users\/1"}],"replies":[{"embeddable":true,"href":"https:\/\/ieronimus.es\/fr\/wp-json\/wp\/v2\/comments?post=2158"}],"version-history":[{"count":3,"href":"https:\/\/ieronimus.es\/fr\/wp-json\/wp\/v2\/pages\/2158\/revisions"}],"predecessor-version":[{"id":2488,"href":"https:\/\/ieronimus.es\/fr\/wp-json\/wp\/v2\/pages\/2158\/revisions\/2488"}],"wp:attachment":[{"href":"https:\/\/ieronimus.es\/fr\/wp-json\/wp\/v2\/media?parent=2158"}],"curies":[{"name":"wp","href":"https:\/\/api.w.org\/{rel}","templated":true}]}}