{"id":2163,"date":"2020-08-26T12:32:38","date_gmt":"2020-08-26T10:32:38","guid":{"rendered":"http:\/\/ieronimus.es\/?page_id=2163"},"modified":"2020-08-26T12:32:39","modified_gmt":"2020-08-26T10:32:39","slug":"testament-du-chanoine-vela","status":"publish","type":"page","link":"https:\/\/ieronimus.es\/fr\/testament-du-chanoine-vela\/","title":{"rendered":"Testament du chanoine Vela"},"content":{"rendered":"\n<h3 class=\"wp-block-heading\">1162<\/h3>\n\n\n\n<p>1162. Dans ses derni\u00e8res volont\u00e9s, il l\u00e8gue divers biens \u00e0 la fabrique de la Cath\u00e9drale de Salamanque. Le texte fait mention d\u2019un des ma\u00eetres architectes des travaux\u00a0: <strong>Petro Petriz.<\/strong><\/p>\n","protected":false},"excerpt":{"rendered":"<p>1162 1162. Dans ses derni\u00e8res volont\u00e9s, il l\u00e8gue divers biens \u00e0 la fabrique de la Cath\u00e9drale de Salamanque. Le texte fait mention d\u2019un des ma\u00eetres architectes des travaux\u00a0: Petro Petriz.<\/p>\n","protected":false},"author":1,"featured_media":0,"parent":0,"menu_order":0,"comment_status":"closed","ping_status":"closed","template":"","meta":{"_acf_changed":false,"footnotes":""},"class_list":["post-2163","page","type-page","status-publish","hentry"],"acf":[],"_links":{"self":[{"href":"https:\/\/ieronimus.es\/fr\/wp-json\/wp\/v2\/pages\/2163","targetHints":{"allow":["GET"]}}],"collection":[{"href":"https:\/\/ieronimus.es\/fr\/wp-json\/wp\/v2\/pages"}],"about":[{"href":"https:\/\/ieronimus.es\/fr\/wp-json\/wp\/v2\/types\/page"}],"author":[{"embeddable":true,"href":"https:\/\/ieronimus.es\/fr\/wp-json\/wp\/v2\/users\/1"}],"replies":[{"embeddable":true,"href":"https:\/\/ieronimus.es\/fr\/wp-json\/wp\/v2\/comments?post=2163"}],"version-history":[{"count":1,"href":"https:\/\/ieronimus.es\/fr\/wp-json\/wp\/v2\/pages\/2163\/revisions"}],"predecessor-version":[{"id":2164,"href":"https:\/\/ieronimus.es\/fr\/wp-json\/wp\/v2\/pages\/2163\/revisions\/2164"}],"wp:attachment":[{"href":"https:\/\/ieronimus.es\/fr\/wp-json\/wp\/v2\/media?parent=2163"}],"curies":[{"name":"wp","href":"https:\/\/api.w.org\/{rel}","templated":true}]}}