{"id":2169,"date":"2020-08-26T12:34:12","date_gmt":"2020-08-26T10:34:12","guid":{"rendered":"http:\/\/ieronimus.es\/?page_id=2169"},"modified":"2020-08-26T12:34:13","modified_gmt":"2020-08-26T10:34:13","slug":"trompette-marine","status":"publish","type":"page","link":"https:\/\/ieronimus.es\/fr\/trompette-marine\/","title":{"rendered":"Trompette marine"},"content":{"rendered":"\n<h3 class=\"wp-block-heading\">16<sup>e<\/sup> si\u00e8cle.<\/h3>\n\n\n\n<p>Cette trompette marine est un instrument \u00e0 une seule corde et de forme trap\u00e9zo\u00efdale. Il s\u2019agit d&rsquo;un instrument \u00e0 corde frott\u00e9e, souvent jou\u00e9 debout, en tenant l\u2019archet de la main droite, \u00e0 proximit\u00e9 de la cl\u00e9. Rares sont les exemplaires de ce type conserv\u00e9s en Espagne.<\/p>\n","protected":false},"excerpt":{"rendered":"<p>16e si\u00e8cle. Cette trompette marine est un instrument \u00e0 une seule corde et de forme trap\u00e9zo\u00efdale. Il s\u2019agit d&rsquo;un instrument \u00e0 corde frott\u00e9e, souvent jou\u00e9 debout, en tenant l\u2019archet de la main droite, \u00e0 proximit\u00e9 de la cl\u00e9. Rares sont les exemplaires de ce type conserv\u00e9s en Espagne.<\/p>\n","protected":false},"author":1,"featured_media":0,"parent":0,"menu_order":0,"comment_status":"closed","ping_status":"closed","template":"","meta":{"_acf_changed":false,"footnotes":""},"class_list":["post-2169","page","type-page","status-publish","hentry"],"acf":[],"_links":{"self":[{"href":"https:\/\/ieronimus.es\/fr\/wp-json\/wp\/v2\/pages\/2169","targetHints":{"allow":["GET"]}}],"collection":[{"href":"https:\/\/ieronimus.es\/fr\/wp-json\/wp\/v2\/pages"}],"about":[{"href":"https:\/\/ieronimus.es\/fr\/wp-json\/wp\/v2\/types\/page"}],"author":[{"embeddable":true,"href":"https:\/\/ieronimus.es\/fr\/wp-json\/wp\/v2\/users\/1"}],"replies":[{"embeddable":true,"href":"https:\/\/ieronimus.es\/fr\/wp-json\/wp\/v2\/comments?post=2169"}],"version-history":[{"count":1,"href":"https:\/\/ieronimus.es\/fr\/wp-json\/wp\/v2\/pages\/2169\/revisions"}],"predecessor-version":[{"id":2170,"href":"https:\/\/ieronimus.es\/fr\/wp-json\/wp\/v2\/pages\/2169\/revisions\/2170"}],"wp:attachment":[{"href":"https:\/\/ieronimus.es\/fr\/wp-json\/wp\/v2\/media?parent=2169"}],"curies":[{"name":"wp","href":"https:\/\/api.w.org\/{rel}","templated":true}]}}