{"id":2173,"date":"2020-08-26T12:35:42","date_gmt":"2020-08-26T10:35:42","guid":{"rendered":"http:\/\/ieronimus.es\/?page_id=2173"},"modified":"2020-08-26T12:35:42","modified_gmt":"2020-08-26T10:35:42","slug":"chant-de-noel-avec-violons-et-clairon-dantonio-de-yanguas","status":"publish","type":"page","link":"https:\/\/ieronimus.es\/fr\/chant-de-noel-avec-violons-et-clairon-dantonio-de-yanguas\/","title":{"rendered":"Chant de No\u00ebl avec violons et clairon d\u2019Antonio de Yanguas"},"content":{"rendered":"\n<h3 class=\"wp-block-heading\">1708<\/h3>\n\n\n\n<p>Antonio de Yanguas fut Ma\u00eetre de Chapelle de la Cath\u00e9drale de Salamanque entre 1718 et 1753. Il est probable qu\u2019il ait compos\u00e9 cette oeuvre alors qu\u2019il \u00e9tait Ma\u00eetre de Chapelle de la Cath\u00e9drale de Saint-Jacques de Compostelle. Il a \u00e9galement occup\u00e9 la Chaire de Musique de l\u2019Universit\u00e9 de Salamanque. Les Archives de la Cath\u00e9drale de Salamanque conservent pr\u00e8s de 500 oeuvres musicales originales compos\u00e9es par Yanguas.<\/p>\n","protected":false},"excerpt":{"rendered":"<p>1708 Antonio de Yanguas fut Ma\u00eetre de Chapelle de la Cath\u00e9drale de Salamanque entre 1718 et 1753. Il est probable qu\u2019il ait compos\u00e9 cette oeuvre alors qu\u2019il \u00e9tait Ma\u00eetre de Chapelle de la Cath\u00e9drale de Saint-Jacques de Compostelle. Il a \u00e9galement occup\u00e9 la Chaire de Musique de l\u2019Universit\u00e9 de Salamanque. Les Archives de la Cath\u00e9drale&#8230;<\/p>\n<div class=\" [&hellip;]\"><a href=\"https:\/\/ieronimus.es\/fr\/chant-de-noel-avec-violons-et-clairon-dantonio-de-yanguas\/\">Read More <i class=\"os-icon os-icon-angle-right\"><\/i><\/a><\/div>\n","protected":false},"author":1,"featured_media":0,"parent":0,"menu_order":0,"comment_status":"closed","ping_status":"closed","template":"","meta":{"_acf_changed":false,"footnotes":""},"class_list":["post-2173","page","type-page","status-publish","hentry"],"acf":[],"_links":{"self":[{"href":"https:\/\/ieronimus.es\/fr\/wp-json\/wp\/v2\/pages\/2173","targetHints":{"allow":["GET"]}}],"collection":[{"href":"https:\/\/ieronimus.es\/fr\/wp-json\/wp\/v2\/pages"}],"about":[{"href":"https:\/\/ieronimus.es\/fr\/wp-json\/wp\/v2\/types\/page"}],"author":[{"embeddable":true,"href":"https:\/\/ieronimus.es\/fr\/wp-json\/wp\/v2\/users\/1"}],"replies":[{"embeddable":true,"href":"https:\/\/ieronimus.es\/fr\/wp-json\/wp\/v2\/comments?post=2173"}],"version-history":[{"count":1,"href":"https:\/\/ieronimus.es\/fr\/wp-json\/wp\/v2\/pages\/2173\/revisions"}],"predecessor-version":[{"id":2174,"href":"https:\/\/ieronimus.es\/fr\/wp-json\/wp\/v2\/pages\/2173\/revisions\/2174"}],"wp:attachment":[{"href":"https:\/\/ieronimus.es\/fr\/wp-json\/wp\/v2\/media?parent=2173"}],"curies":[{"name":"wp","href":"https:\/\/api.w.org\/{rel}","templated":true}]}}