{"id":2252,"date":"2020-08-26T13:33:53","date_gmt":"2020-08-26T11:33:53","guid":{"rendered":"http:\/\/ieronimus.es\/?page_id=2252"},"modified":"2021-04-07T16:52:52","modified_gmt":"2021-04-07T14:52:52","slug":"accesibilidad","status":"publish","type":"page","link":"https:\/\/ieronimus.es\/pt-pt\/accesibilidad\/","title":{"rendered":"Acessibilidade"},"content":{"rendered":"\n<p><strong>Ieronimus para todos os sentidos<\/strong><\/p>\n\n\n\n<p><strong>Nosso grande desafio: chegar a todos.<\/strong><\/p>\n\n\n\n<p>Para isso, da Ieronimus contamos com os seguintes recursos:<\/p>\n\n\n\n<ul class=\"wp-block-list\"><li><strong>Para diversidade cognitiva:<\/strong> livreto de f\u00e1cil leitura.<\/li><li><strong>Para deficientes visuais:<\/strong> brochura em braille<\/li><li><strong>Para defici\u00eancia f\u00edsica: <\/strong>n\u00e3o lamentamos oferecer-lhe quaisquer recursos no local. Oferecemos-lhe um recurso que pode utilizar a partir do seu dispositivo m\u00f3vel: www.salamancatourvirtual.es. Neste recurso tecnol\u00f3gico \u00e9 poss\u00edvel contemplar as vistas desde a Torre Mocha de \u201cIeronimus (As Torres da Catedral), as Catedrais por fora e os templos da S\u00e9 Velha e da S\u00e9 Nova por dentro. Se voc\u00ea for ao Monumenta Salmanticae, na rua Vera Cruz, eles lhe fornecer\u00e3o \u00f3culos de realidade aumentada para que sua vis\u00e3o seja uma experi\u00eancia \u00fanica.<\/li><li><strong>Para deficientes auditivos:<\/strong> na bilheteira temos um la\u00e7o magn\u00e9tico.<\/li><\/ul>\n","protected":false},"excerpt":{"rendered":"<p>Ieronimus para todos os sentidos Nosso grande desafio: chegar a todos. Para isso, da Ieronimus contamos com os seguintes recursos: Para diversidade cognitiva: livreto de f\u00e1cil leitura. Para deficientes visuais: brochura em braille Para defici\u00eancia f\u00edsica: n\u00e3o lamentamos oferecer-lhe quaisquer recursos no local. Oferecemos-lhe um recurso que pode utilizar a partir do seu dispositivo m\u00f3vel:&#8230;<\/p>\n<div class=\" [&hellip;]\"><a href=\"https:\/\/ieronimus.es\/pt-pt\/accesibilidad\/\">Read More <i class=\"os-icon os-icon-angle-right\"><\/i><\/a><\/div>\n","protected":false},"author":1,"featured_media":0,"parent":0,"menu_order":0,"comment_status":"closed","ping_status":"closed","template":"","meta":{"_acf_changed":false,"footnotes":""},"class_list":["post-2252","page","type-page","status-publish","hentry"],"acf":[],"_links":{"self":[{"href":"https:\/\/ieronimus.es\/pt-pt\/wp-json\/wp\/v2\/pages\/2252","targetHints":{"allow":["GET"]}}],"collection":[{"href":"https:\/\/ieronimus.es\/pt-pt\/wp-json\/wp\/v2\/pages"}],"about":[{"href":"https:\/\/ieronimus.es\/pt-pt\/wp-json\/wp\/v2\/types\/page"}],"author":[{"embeddable":true,"href":"https:\/\/ieronimus.es\/pt-pt\/wp-json\/wp\/v2\/users\/1"}],"replies":[{"embeddable":true,"href":"https:\/\/ieronimus.es\/pt-pt\/wp-json\/wp\/v2\/comments?post=2252"}],"version-history":[{"count":2,"href":"https:\/\/ieronimus.es\/pt-pt\/wp-json\/wp\/v2\/pages\/2252\/revisions"}],"predecessor-version":[{"id":2497,"href":"https:\/\/ieronimus.es\/pt-pt\/wp-json\/wp\/v2\/pages\/2252\/revisions\/2497"}],"wp:attachment":[{"href":"https:\/\/ieronimus.es\/pt-pt\/wp-json\/wp\/v2\/media?parent=2252"}],"curies":[{"name":"wp","href":"https:\/\/api.w.org\/{rel}","templated":true}]}}