{"id":2256,"date":"2020-08-26T13:35:32","date_gmt":"2020-08-26T11:35:32","guid":{"rendered":"http:\/\/ieronimus.es\/?page_id=2256"},"modified":"2020-08-26T13:35:32","modified_gmt":"2020-08-26T11:35:32","slug":"cristo-peitoral-do-cid","status":"publish","type":"page","link":"https:\/\/ieronimus.es\/pt-pt\/cristo-peitoral-do-cid\/","title":{"rendered":"Cristo peitoral do Cid"},"content":{"rendered":"\n<h3 class=\"wp-block-heading\">S\u00e9culo XI. Madeira e esmalte.<\/h3>\n\n\n\n<p>O crucificado \u00e9 de cobre dourado com sud\u00e1rio esmaltado em branco e azul. Pertence ao estilo rom\u00e2nico da Escola de Limoges. Foi oferecido \u00e0 Catedral de Salamanca por Mart\u00edn L\u00f3pez de Hontiveros no dia 23 de dezembro de 1647. Segundo a tradi\u00e7\u00e3o, o Cid levava-o nas batalhas.<\/p>\n","protected":false},"excerpt":{"rendered":"<p>S\u00e9culo XI. Madeira e esmalte. O crucificado \u00e9 de cobre dourado com sud\u00e1rio esmaltado em branco e azul. Pertence ao estilo rom\u00e2nico da Escola de Limoges. Foi oferecido \u00e0 Catedral de Salamanca por Mart\u00edn L\u00f3pez de Hontiveros no dia 23 de dezembro de 1647. Segundo a tradi\u00e7\u00e3o, o Cid levava-o nas batalhas.<\/p>\n","protected":false},"author":1,"featured_media":313,"parent":0,"menu_order":0,"comment_status":"closed","ping_status":"closed","template":"","meta":{"_acf_changed":false,"footnotes":""},"class_list":["post-2256","page","type-page","status-publish","has-post-thumbnail","hentry"],"acf":[],"_links":{"self":[{"href":"https:\/\/ieronimus.es\/pt-pt\/wp-json\/wp\/v2\/pages\/2256","targetHints":{"allow":["GET"]}}],"collection":[{"href":"https:\/\/ieronimus.es\/pt-pt\/wp-json\/wp\/v2\/pages"}],"about":[{"href":"https:\/\/ieronimus.es\/pt-pt\/wp-json\/wp\/v2\/types\/page"}],"author":[{"embeddable":true,"href":"https:\/\/ieronimus.es\/pt-pt\/wp-json\/wp\/v2\/users\/1"}],"replies":[{"embeddable":true,"href":"https:\/\/ieronimus.es\/pt-pt\/wp-json\/wp\/v2\/comments?post=2256"}],"version-history":[{"count":1,"href":"https:\/\/ieronimus.es\/pt-pt\/wp-json\/wp\/v2\/pages\/2256\/revisions"}],"predecessor-version":[{"id":2257,"href":"https:\/\/ieronimus.es\/pt-pt\/wp-json\/wp\/v2\/pages\/2256\/revisions\/2257"}],"wp:featuredmedia":[{"embeddable":true,"href":"https:\/\/ieronimus.es\/pt-pt\/wp-json\/wp\/v2\/media\/313"}],"wp:attachment":[{"href":"https:\/\/ieronimus.es\/pt-pt\/wp-json\/wp\/v2\/media?parent=2256"}],"curies":[{"name":"wp","href":"https:\/\/api.w.org\/{rel}","templated":true}]}}