{"id":2258,"date":"2020-08-26T13:36:08","date_gmt":"2020-08-26T11:36:08","guid":{"rendered":"http:\/\/ieronimus.es\/?page_id=2258"},"modified":"2020-08-26T13:36:09","modified_gmt":"2020-08-26T11:36:09","slug":"desenho-da-planta-e-corte-transversal-do-zimborio-da-catedral-nova-de-joaquin-de-churriguera","status":"publish","type":"page","link":"https:\/\/ieronimus.es\/pt-pt\/desenho-da-planta-e-corte-transversal-do-zimborio-da-catedral-nova-de-joaquin-de-churriguera\/","title":{"rendered":"Desenho da planta e corte transversal do zimb\u00f3rio da Catedral Nova de Joaqu\u00edn de Churriguera"},"content":{"rendered":"\n<h3 class=\"wp-block-heading\">1742?<\/h3>\n\n\n\n<p>Desenho da constru\u00e7\u00e3o inicial do zimb\u00f3rio. Ap\u00f3s as vicissitudes do terremoto de Lisboa em 1755, s\u00f3 se conserva o arranque das vieiras e o tambor octogonal.<\/p>\n","protected":false},"excerpt":{"rendered":"<p>1742? Desenho da constru\u00e7\u00e3o inicial do zimb\u00f3rio. Ap\u00f3s as vicissitudes do terremoto de Lisboa em 1755, s\u00f3 se conserva o arranque das vieiras e o tambor octogonal.<\/p>\n","protected":false},"author":1,"featured_media":0,"parent":0,"menu_order":0,"comment_status":"closed","ping_status":"closed","template":"","meta":{"_acf_changed":false,"footnotes":""},"class_list":["post-2258","page","type-page","status-publish","hentry"],"acf":[],"_links":{"self":[{"href":"https:\/\/ieronimus.es\/pt-pt\/wp-json\/wp\/v2\/pages\/2258","targetHints":{"allow":["GET"]}}],"collection":[{"href":"https:\/\/ieronimus.es\/pt-pt\/wp-json\/wp\/v2\/pages"}],"about":[{"href":"https:\/\/ieronimus.es\/pt-pt\/wp-json\/wp\/v2\/types\/page"}],"author":[{"embeddable":true,"href":"https:\/\/ieronimus.es\/pt-pt\/wp-json\/wp\/v2\/users\/1"}],"replies":[{"embeddable":true,"href":"https:\/\/ieronimus.es\/pt-pt\/wp-json\/wp\/v2\/comments?post=2258"}],"version-history":[{"count":1,"href":"https:\/\/ieronimus.es\/pt-pt\/wp-json\/wp\/v2\/pages\/2258\/revisions"}],"predecessor-version":[{"id":2259,"href":"https:\/\/ieronimus.es\/pt-pt\/wp-json\/wp\/v2\/pages\/2258\/revisions\/2259"}],"wp:attachment":[{"href":"https:\/\/ieronimus.es\/pt-pt\/wp-json\/wp\/v2\/media?parent=2258"}],"curies":[{"name":"wp","href":"https:\/\/api.w.org\/{rel}","templated":true}]}}