{"id":2260,"date":"2020-08-26T13:36:49","date_gmt":"2020-08-26T11:36:49","guid":{"rendered":"http:\/\/ieronimus.es\/?page_id=2260"},"modified":"2020-08-26T13:36:49","modified_gmt":"2020-08-26T11:36:49","slug":"desenho-da-torre-dos-sinos-realizado-por-baltasar-devreton","status":"publish","type":"page","link":"https:\/\/ieronimus.es\/pt-pt\/desenho-da-torre-dos-sinos-realizado-por-baltasar-devreton\/","title":{"rendered":"Desenho da Torre dos Sinos realizado por Baltasar Devreton"},"content":{"rendered":"\n<h3 class=\"wp-block-heading\">1767<\/h3>\n\n\n\n<p>Al\u00e7ado da Torre dos Sinos, com o desengrossadoiro do fundamento medieval em silharia de pedra lisa e taludada que se adaptou como solu\u00e7\u00e3o para a repara\u00e7\u00e3o da torre.<\/p>\n","protected":false},"excerpt":{"rendered":"<p>1767 Al\u00e7ado da Torre dos Sinos, com o desengrossadoiro do fundamento medieval em silharia de pedra lisa e taludada que se adaptou como solu\u00e7\u00e3o para a repara\u00e7\u00e3o da torre.<\/p>\n","protected":false},"author":1,"featured_media":0,"parent":0,"menu_order":0,"comment_status":"closed","ping_status":"closed","template":"","meta":{"_acf_changed":false,"footnotes":""},"class_list":["post-2260","page","type-page","status-publish","hentry"],"acf":[],"_links":{"self":[{"href":"https:\/\/ieronimus.es\/pt-pt\/wp-json\/wp\/v2\/pages\/2260","targetHints":{"allow":["GET"]}}],"collection":[{"href":"https:\/\/ieronimus.es\/pt-pt\/wp-json\/wp\/v2\/pages"}],"about":[{"href":"https:\/\/ieronimus.es\/pt-pt\/wp-json\/wp\/v2\/types\/page"}],"author":[{"embeddable":true,"href":"https:\/\/ieronimus.es\/pt-pt\/wp-json\/wp\/v2\/users\/1"}],"replies":[{"embeddable":true,"href":"https:\/\/ieronimus.es\/pt-pt\/wp-json\/wp\/v2\/comments?post=2260"}],"version-history":[{"count":1,"href":"https:\/\/ieronimus.es\/pt-pt\/wp-json\/wp\/v2\/pages\/2260\/revisions"}],"predecessor-version":[{"id":2261,"href":"https:\/\/ieronimus.es\/pt-pt\/wp-json\/wp\/v2\/pages\/2260\/revisions\/2261"}],"wp:attachment":[{"href":"https:\/\/ieronimus.es\/pt-pt\/wp-json\/wp\/v2\/media?parent=2260"}],"curies":[{"name":"wp","href":"https:\/\/api.w.org\/{rel}","templated":true}]}}