{"id":2269,"date":"2020-08-26T13:38:47","date_gmt":"2020-08-26T11:38:47","guid":{"rendered":"http:\/\/ieronimus.es\/?page_id=2269"},"modified":"2022-02-03T11:44:32","modified_gmt":"2022-02-03T10:44:32","slug":"informacion","status":"publish","type":"page","link":"https:\/\/ieronimus.es\/pt-pt\/informacion\/","title":{"rendered":"Informa\u00e7\u00e3o"},"content":{"rendered":"\n<h4 class=\"wp-block-heading\">As torres da Catedral de Salamanca<\/h4>\n\n\n\n<p>Entrada para a Torre Moca da Catedral<br>Plaza Juan XXIII s \/ n.<br>Tfnos: 923 26 67 01<br>E-mail: <a href=\"mailto:ieronimus@ieronimus.es\">ieronimus@ieronimus.es<\/a><\/p>\n\n\n\n<p><strong>Aberto todos os dias da semana.<\/strong><\/p>\n\n\n\n<p><strong>Hor\u00e1rio de mar\u00e7o a dezembro: das 10h \u00e0s 20h.<\/strong><br>\u00daltimo acesso permitido: 19h.<\/p>\n\n\n\n<p>Eneroi y febrero: das 10h00 \u00e0s 18h00.<br>\u00daltimo acesso permitido: 17h.<\/p>\n\n\n\n<p>Pre\u00e7o do bilhete individual: 4\u20ac<br>Pre\u00e7o do bilhete de grupo: 3,50\u20ac<br>(m\u00ednimo 20 pessoas)<\/p>\n\n\n\n<p><strong><a href=\"https:\/\/ieronimus.es\/pt-pt\/passeios-noturnos-guiados\/\">Programa\u00e7\u00e3o de visitas noturnas.<\/a><br><a href=\"https:\/\/ieronimus.es\/pt-pt\/passeios-noturnos-guiados\/\">Verificar calend\u00e1rio.<\/a><\/strong><br>Pre\u00e7o do bilhete: 10\u20ac\/pessoa<\/p>\n\n\n\n<hr class=\"wp-block-separator is-style-wide\"\/>\n\n\n\n<h4 class=\"wp-block-heading\">Ieronimus oferece:<\/h4>\n\n\n\n<ul class=\"wp-block-list\"><li><strong>Visitas guiadas para grupos.<\/strong><\/li><\/ul>\n\n\n\n<ul class=\"wp-block-list\"><li><strong>Visitas noturnas \u00e0 la carte.<\/strong><\/li><\/ul>\n\n\n\n<ul class=\"wp-block-list\"><li><strong>Ieronimus em \u00d1 para estudantes espanh\u00f3is<\/strong><\/li><\/ul>\n\n\n\n<ul class=\"wp-block-list\"><li><a href=\"http:\/\/ieronimus.es\/toque-de-campanas\/\"><strong>Um toque de sinos de presente<\/strong><\/a>.<\/li><\/ul>\n\n\n\n<p><\/p>\n\n\n<p><a href=\"https:\/\/www.facebook.com\/SalamancaIeronimus\/\"><i class=\"fab fa-facebook-square fa-2x\"><\/i><\/a> <a href=\"https:\/\/www.instagram.com\/salamancaieronimus\/\"><i class=\"fab fa-instagram-square fa-2x\"><\/i><\/a><\/p>\n\n\n\n<p><\/p>\n","protected":false},"excerpt":{"rendered":"<p>As torres da Catedral de Salamanca Entrada para a Torre Moca da CatedralPlaza Juan XXIII s \/ n.Tfnos: 923 26 67 01E-mail: ieronimus@ieronimus.es Aberto todos os dias da semana. Hor\u00e1rio de mar\u00e7o a dezembro: das 10h \u00e0s 20h.\u00daltimo acesso permitido: 19h. Eneroi y febrero: das 10h00 \u00e0s 18h00.\u00daltimo acesso permitido: 17h. Pre\u00e7o do bilhete individual:&#8230;<\/p>\n<div class=\" [&hellip;]\"><a href=\"https:\/\/ieronimus.es\/pt-pt\/informacion\/\">Read More <i class=\"os-icon os-icon-angle-right\"><\/i><\/a><\/div>\n","protected":false},"author":1,"featured_media":0,"parent":0,"menu_order":0,"comment_status":"closed","ping_status":"closed","template":"page-with-map.php","meta":{"_acf_changed":false,"footnotes":""},"class_list":["post-2269","page","type-page","status-publish","hentry"],"acf":[],"_links":{"self":[{"href":"https:\/\/ieronimus.es\/pt-pt\/wp-json\/wp\/v2\/pages\/2269","targetHints":{"allow":["GET"]}}],"collection":[{"href":"https:\/\/ieronimus.es\/pt-pt\/wp-json\/wp\/v2\/pages"}],"about":[{"href":"https:\/\/ieronimus.es\/pt-pt\/wp-json\/wp\/v2\/types\/page"}],"author":[{"embeddable":true,"href":"https:\/\/ieronimus.es\/pt-pt\/wp-json\/wp\/v2\/users\/1"}],"replies":[{"embeddable":true,"href":"https:\/\/ieronimus.es\/pt-pt\/wp-json\/wp\/v2\/comments?post=2269"}],"version-history":[{"count":6,"href":"https:\/\/ieronimus.es\/pt-pt\/wp-json\/wp\/v2\/pages\/2269\/revisions"}],"predecessor-version":[{"id":2743,"href":"https:\/\/ieronimus.es\/pt-pt\/wp-json\/wp\/v2\/pages\/2269\/revisions\/2743"}],"wp:attachment":[{"href":"https:\/\/ieronimus.es\/pt-pt\/wp-json\/wp\/v2\/media?parent=2269"}],"curies":[{"name":"wp","href":"https:\/\/api.w.org\/{rel}","templated":true}]}}