{"id":2271,"date":"2020-08-26T13:39:31","date_gmt":"2020-08-26T11:39:31","guid":{"rendered":"http:\/\/ieronimus.es\/?page_id=2271"},"modified":"2020-08-26T13:39:31","modified_gmt":"2020-08-26T11:39:31","slug":"instrumentos-de-vento-renascentistas","status":"publish","type":"page","link":"https:\/\/ieronimus.es\/pt-pt\/instrumentos-de-vento-renascentistas\/","title":{"rendered":"Instrumentos de vento renascentistas"},"content":{"rendered":"\n<h3 class=\"wp-block-heading\">Charamelas. Ca. 1530. Madeira de bordo.<\/h3>\n\n\n\n<p>Pertencem \u00e0 Capela de M\u00fasica da Catedral de Salamanca e no seu conjunto formam uma das cole\u00e7\u00f5es mais completas que se conservam na Europa.<\/p>\n","protected":false},"excerpt":{"rendered":"<p>Charamelas. Ca. 1530. Madeira de bordo. Pertencem \u00e0 Capela de M\u00fasica da Catedral de Salamanca e no seu conjunto formam uma das cole\u00e7\u00f5es mais completas que se conservam na Europa.<\/p>\n","protected":false},"author":1,"featured_media":0,"parent":0,"menu_order":0,"comment_status":"closed","ping_status":"closed","template":"","meta":{"_acf_changed":false,"footnotes":""},"class_list":["post-2271","page","type-page","status-publish","hentry"],"acf":[],"_links":{"self":[{"href":"https:\/\/ieronimus.es\/pt-pt\/wp-json\/wp\/v2\/pages\/2271","targetHints":{"allow":["GET"]}}],"collection":[{"href":"https:\/\/ieronimus.es\/pt-pt\/wp-json\/wp\/v2\/pages"}],"about":[{"href":"https:\/\/ieronimus.es\/pt-pt\/wp-json\/wp\/v2\/types\/page"}],"author":[{"embeddable":true,"href":"https:\/\/ieronimus.es\/pt-pt\/wp-json\/wp\/v2\/users\/1"}],"replies":[{"embeddable":true,"href":"https:\/\/ieronimus.es\/pt-pt\/wp-json\/wp\/v2\/comments?post=2271"}],"version-history":[{"count":1,"href":"https:\/\/ieronimus.es\/pt-pt\/wp-json\/wp\/v2\/pages\/2271\/revisions"}],"predecessor-version":[{"id":2272,"href":"https:\/\/ieronimus.es\/pt-pt\/wp-json\/wp\/v2\/pages\/2271\/revisions\/2272"}],"wp:attachment":[{"href":"https:\/\/ieronimus.es\/pt-pt\/wp-json\/wp\/v2\/media?parent=2271"}],"curies":[{"name":"wp","href":"https:\/\/api.w.org\/{rel}","templated":true}]}}