{"id":2273,"date":"2020-08-26T13:40:16","date_gmt":"2020-08-26T11:40:16","guid":{"rendered":"http:\/\/ieronimus.es\/?page_id=2273"},"modified":"2020-08-26T13:40:17","modified_gmt":"2020-08-26T11:40:17","slug":"juro-de-felipe-ii","status":"publish","type":"page","link":"https:\/\/ieronimus.es\/pt-pt\/juro-de-felipe-ii\/","title":{"rendered":"Juro de Felipe II"},"content":{"rendered":"\n<h3 class=\"wp-block-heading\">1565<\/h3>\n\n\n\n<p>Concess\u00e3o de um juro de cinquenta mil maravedis a Francisco Fern\u00e1ndez de Li\u00e9bana, fundador da Capela da M\u00e3e de Deus na Catedral Nova de Salamanca. Selo de chumbo pendurado. Inserto em estojo de lat\u00e3o porta privil\u00e9gios.<\/p>\n","protected":false},"excerpt":{"rendered":"<p>1565 Concess\u00e3o de um juro de cinquenta mil maravedis a Francisco Fern\u00e1ndez de Li\u00e9bana, fundador da Capela da M\u00e3e de Deus na Catedral Nova de Salamanca. Selo de chumbo pendurado. Inserto em estojo de lat\u00e3o porta privil\u00e9gios.<\/p>\n","protected":false},"author":1,"featured_media":0,"parent":0,"menu_order":0,"comment_status":"closed","ping_status":"closed","template":"","meta":{"_acf_changed":false,"footnotes":""},"class_list":["post-2273","page","type-page","status-publish","hentry"],"acf":[],"_links":{"self":[{"href":"https:\/\/ieronimus.es\/pt-pt\/wp-json\/wp\/v2\/pages\/2273","targetHints":{"allow":["GET"]}}],"collection":[{"href":"https:\/\/ieronimus.es\/pt-pt\/wp-json\/wp\/v2\/pages"}],"about":[{"href":"https:\/\/ieronimus.es\/pt-pt\/wp-json\/wp\/v2\/types\/page"}],"author":[{"embeddable":true,"href":"https:\/\/ieronimus.es\/pt-pt\/wp-json\/wp\/v2\/users\/1"}],"replies":[{"embeddable":true,"href":"https:\/\/ieronimus.es\/pt-pt\/wp-json\/wp\/v2\/comments?post=2273"}],"version-history":[{"count":1,"href":"https:\/\/ieronimus.es\/pt-pt\/wp-json\/wp\/v2\/pages\/2273\/revisions"}],"predecessor-version":[{"id":2274,"href":"https:\/\/ieronimus.es\/pt-pt\/wp-json\/wp\/v2\/pages\/2273\/revisions\/2274"}],"wp:attachment":[{"href":"https:\/\/ieronimus.es\/pt-pt\/wp-json\/wp\/v2\/media?parent=2273"}],"curies":[{"name":"wp","href":"https:\/\/api.w.org\/{rel}","templated":true}]}}