{"id":2277,"date":"2020-08-26T13:42:59","date_gmt":"2020-08-26T11:42:59","guid":{"rendered":"http:\/\/ieronimus.es\/?page_id=2277"},"modified":"2020-08-26T13:43:00","modified_gmt":"2020-08-26T11:43:00","slug":"real-cedula-de-carlos-v","status":"publish","type":"page","link":"https:\/\/ieronimus.es\/pt-pt\/real-cedula-de-carlos-v\/","title":{"rendered":"Real c\u00e9dula de Carlos V"},"content":{"rendered":"\n<h3 class=\"wp-block-heading\">1551<\/h3>\n\n\n\n<p>Ordena ao Conselho de Salamanca que permita a passagem das carro\u00e7as ferradas pelas ruas e pra\u00e7as da cidade, para levar a pedra, a madeira e outros materiais necess\u00e1rios para a constru\u00e7\u00e3o da Catedral Nova.<\/p>\n","protected":false},"excerpt":{"rendered":"<p>1551 Ordena ao Conselho de Salamanca que permita a passagem das carro\u00e7as ferradas pelas ruas e pra\u00e7as da cidade, para levar a pedra, a madeira e outros materiais necess\u00e1rios para a constru\u00e7\u00e3o da Catedral Nova.<\/p>\n","protected":false},"author":1,"featured_media":0,"parent":0,"menu_order":0,"comment_status":"closed","ping_status":"closed","template":"","meta":{"_acf_changed":false,"footnotes":""},"class_list":["post-2277","page","type-page","status-publish","hentry"],"acf":[],"_links":{"self":[{"href":"https:\/\/ieronimus.es\/pt-pt\/wp-json\/wp\/v2\/pages\/2277","targetHints":{"allow":["GET"]}}],"collection":[{"href":"https:\/\/ieronimus.es\/pt-pt\/wp-json\/wp\/v2\/pages"}],"about":[{"href":"https:\/\/ieronimus.es\/pt-pt\/wp-json\/wp\/v2\/types\/page"}],"author":[{"embeddable":true,"href":"https:\/\/ieronimus.es\/pt-pt\/wp-json\/wp\/v2\/users\/1"}],"replies":[{"embeddable":true,"href":"https:\/\/ieronimus.es\/pt-pt\/wp-json\/wp\/v2\/comments?post=2277"}],"version-history":[{"count":1,"href":"https:\/\/ieronimus.es\/pt-pt\/wp-json\/wp\/v2\/pages\/2277\/revisions"}],"predecessor-version":[{"id":2278,"href":"https:\/\/ieronimus.es\/pt-pt\/wp-json\/wp\/v2\/pages\/2277\/revisions\/2278"}],"wp:attachment":[{"href":"https:\/\/ieronimus.es\/pt-pt\/wp-json\/wp\/v2\/media?parent=2277"}],"curies":[{"name":"wp","href":"https:\/\/api.w.org\/{rel}","templated":true}]}}