{"id":2281,"date":"2020-08-26T13:43:42","date_gmt":"2020-08-26T11:43:42","guid":{"rendered":"http:\/\/ieronimus.es\/?page_id=2281"},"modified":"2021-04-07T17:09:46","modified_gmt":"2021-04-07T15:09:46","slug":"regalo-del-toque-de-campanas","status":"publish","type":"page","link":"https:\/\/ieronimus.es\/pt-pt\/regalo-del-toque-de-campanas\/","title":{"rendered":"Presente de um toque de sinos"},"content":{"rendered":"\n<p><strong>Ieronimus, as Torres da Catedral, d\u00e1 um toque de sinos para voc\u00ea ou para quem voc\u00ea quiser envi\u00e1-lo.<\/strong><\/p>\n\n\n\n<p>Compartilhe nas suas redes sociais.<\/p>\n\n\n\n<p><a href=\"https:\/\/ieronimuscatedraldesalamanca.es\/toquedecampanasES.asp\">Acesse o aplicativo para personalizar seu toque de forma r\u00e1pida e f\u00e1cil<\/a><\/p>\n","protected":false},"excerpt":{"rendered":"<p>Ieronimus, as Torres da Catedral, d\u00e1 um toque de sinos para voc\u00ea ou para quem voc\u00ea quiser envi\u00e1-lo. Compartilhe nas suas redes sociais. Acesse o aplicativo para personalizar seu toque de forma r\u00e1pida e f\u00e1cil<\/p>\n","protected":false},"author":1,"featured_media":0,"parent":0,"menu_order":0,"comment_status":"closed","ping_status":"closed","template":"","meta":{"_acf_changed":false,"footnotes":""},"class_list":["post-2281","page","type-page","status-publish","hentry"],"acf":[],"_links":{"self":[{"href":"https:\/\/ieronimus.es\/pt-pt\/wp-json\/wp\/v2\/pages\/2281","targetHints":{"allow":["GET"]}}],"collection":[{"href":"https:\/\/ieronimus.es\/pt-pt\/wp-json\/wp\/v2\/pages"}],"about":[{"href":"https:\/\/ieronimus.es\/pt-pt\/wp-json\/wp\/v2\/types\/page"}],"author":[{"embeddable":true,"href":"https:\/\/ieronimus.es\/pt-pt\/wp-json\/wp\/v2\/users\/1"}],"replies":[{"embeddable":true,"href":"https:\/\/ieronimus.es\/pt-pt\/wp-json\/wp\/v2\/comments?post=2281"}],"version-history":[{"count":2,"href":"https:\/\/ieronimus.es\/pt-pt\/wp-json\/wp\/v2\/pages\/2281\/revisions"}],"predecessor-version":[{"id":2499,"href":"https:\/\/ieronimus.es\/pt-pt\/wp-json\/wp\/v2\/pages\/2281\/revisions\/2499"}],"wp:attachment":[{"href":"https:\/\/ieronimus.es\/pt-pt\/wp-json\/wp\/v2\/media?parent=2281"}],"curies":[{"name":"wp","href":"https:\/\/api.w.org\/{rel}","templated":true}]}}