{"id":2285,"date":"2020-08-26T13:52:55","date_gmt":"2020-08-26T11:52:55","guid":{"rendered":"http:\/\/ieronimus.es\/?page_id=2285"},"modified":"2020-08-26T13:52:56","modified_gmt":"2020-08-26T11:52:56","slug":"testamento-do-conego-vela","status":"publish","type":"page","link":"https:\/\/ieronimus.es\/pt-pt\/testamento-do-conego-vela\/","title":{"rendered":"Testamento do c\u00f4nego Vela"},"content":{"rendered":"\n<h3 class=\"wp-block-heading\">1162<\/h3>\n\n\n\n<p>Nas suas mandas testament\u00e1rias deixa v\u00e1rios bens para a f\u00e1brica da Catedral de Salamanca. Aparece citado no texto um dos mestres arquitetos da obra: <strong>Petro Petriz.<\/strong><\/p>\n","protected":false},"excerpt":{"rendered":"<p>1162 Nas suas mandas testament\u00e1rias deixa v\u00e1rios bens para a f\u00e1brica da Catedral de Salamanca. Aparece citado no texto um dos mestres arquitetos da obra: Petro Petriz.<\/p>\n","protected":false},"author":1,"featured_media":0,"parent":0,"menu_order":0,"comment_status":"closed","ping_status":"closed","template":"","meta":{"_acf_changed":false,"footnotes":""},"class_list":["post-2285","page","type-page","status-publish","hentry"],"acf":[],"_links":{"self":[{"href":"https:\/\/ieronimus.es\/pt-pt\/wp-json\/wp\/v2\/pages\/2285","targetHints":{"allow":["GET"]}}],"collection":[{"href":"https:\/\/ieronimus.es\/pt-pt\/wp-json\/wp\/v2\/pages"}],"about":[{"href":"https:\/\/ieronimus.es\/pt-pt\/wp-json\/wp\/v2\/types\/page"}],"author":[{"embeddable":true,"href":"https:\/\/ieronimus.es\/pt-pt\/wp-json\/wp\/v2\/users\/1"}],"replies":[{"embeddable":true,"href":"https:\/\/ieronimus.es\/pt-pt\/wp-json\/wp\/v2\/comments?post=2285"}],"version-history":[{"count":1,"href":"https:\/\/ieronimus.es\/pt-pt\/wp-json\/wp\/v2\/pages\/2285\/revisions"}],"predecessor-version":[{"id":2286,"href":"https:\/\/ieronimus.es\/pt-pt\/wp-json\/wp\/v2\/pages\/2285\/revisions\/2286"}],"wp:attachment":[{"href":"https:\/\/ieronimus.es\/pt-pt\/wp-json\/wp\/v2\/media?parent=2285"}],"curies":[{"name":"wp","href":"https:\/\/api.w.org\/{rel}","templated":true}]}}