{"id":2289,"date":"2020-08-26T13:54:12","date_gmt":"2020-08-26T11:54:12","guid":{"rendered":"http:\/\/ieronimus.es\/?page_id=2289"},"modified":"2020-08-26T13:54:12","modified_gmt":"2020-08-26T11:54:12","slug":"trompete-marino","status":"publish","type":"page","link":"https:\/\/ieronimus.es\/pt-pt\/trompete-marino\/","title":{"rendered":"Trompete marino"},"content":{"rendered":"\n<h3 class=\"wp-block-heading\">S\u00e9culo XVI.<\/h3>\n\n\n\n<p>Este trompete marino \u00e9 um instrumento de uma s\u00f3 corda com forma trapezoidal. \u00c9 um instrumento de corda esfregada, frequentemente executado de p\u00e9, tendo na m\u00e3o direita o arco, cerca da cravelha. Apenas se conservam uns exemplares deste tipo em Espanha.<\/p>\n","protected":false},"excerpt":{"rendered":"<p>S\u00e9culo XVI. Este trompete marino \u00e9 um instrumento de uma s\u00f3 corda com forma trapezoidal. \u00c9 um instrumento de corda esfregada, frequentemente executado de p\u00e9, tendo na m\u00e3o direita o arco, cerca da cravelha. Apenas se conservam uns exemplares deste tipo em Espanha.<\/p>\n","protected":false},"author":1,"featured_media":0,"parent":0,"menu_order":0,"comment_status":"closed","ping_status":"closed","template":"","meta":{"_acf_changed":false,"footnotes":""},"class_list":["post-2289","page","type-page","status-publish","hentry"],"acf":[],"_links":{"self":[{"href":"https:\/\/ieronimus.es\/pt-pt\/wp-json\/wp\/v2\/pages\/2289","targetHints":{"allow":["GET"]}}],"collection":[{"href":"https:\/\/ieronimus.es\/pt-pt\/wp-json\/wp\/v2\/pages"}],"about":[{"href":"https:\/\/ieronimus.es\/pt-pt\/wp-json\/wp\/v2\/types\/page"}],"author":[{"embeddable":true,"href":"https:\/\/ieronimus.es\/pt-pt\/wp-json\/wp\/v2\/users\/1"}],"replies":[{"embeddable":true,"href":"https:\/\/ieronimus.es\/pt-pt\/wp-json\/wp\/v2\/comments?post=2289"}],"version-history":[{"count":1,"href":"https:\/\/ieronimus.es\/pt-pt\/wp-json\/wp\/v2\/pages\/2289\/revisions"}],"predecessor-version":[{"id":2290,"href":"https:\/\/ieronimus.es\/pt-pt\/wp-json\/wp\/v2\/pages\/2289\/revisions\/2290"}],"wp:attachment":[{"href":"https:\/\/ieronimus.es\/pt-pt\/wp-json\/wp\/v2\/media?parent=2289"}],"curies":[{"name":"wp","href":"https:\/\/api.w.org\/{rel}","templated":true}]}}