{"id":2293,"date":"2020-08-26T13:56:21","date_gmt":"2020-08-26T11:56:21","guid":{"rendered":"http:\/\/ieronimus.es\/?page_id=2293"},"modified":"2020-08-26T13:56:22","modified_gmt":"2020-08-26T11:56:22","slug":"cancao-com-violinos-e-clarim-de-antonio-de-yanguas","status":"publish","type":"page","link":"https:\/\/ieronimus.es\/pt-pt\/cancao-com-violinos-e-clarim-de-antonio-de-yanguas\/","title":{"rendered":"Can\u00e7\u00e3o com violinos e clarim de Antonio de Yanguas"},"content":{"rendered":"\n<h3 class=\"wp-block-heading\">1708<\/h3>\n\n\n\n<p>Antonio de Yanguas foi Mestre de Capela da Catedral de Salamanca entre 1718 e 1753. Esta obra foi provavelmente composta durante o per\u00edodo em que foi Mestre de Capela da Catedral de Santiago de Compostela. Tamb\u00e9m ocupou a C\u00e1tedra de M\u00fasica da Universidade de Salamanca. No Arquivo da Catedral de Salamanca conservam-se quase 500 obras musicais originais e compostas por Yanguas.<\/p>\n","protected":false},"excerpt":{"rendered":"<p>1708 Antonio de Yanguas foi Mestre de Capela da Catedral de Salamanca entre 1718 e 1753. Esta obra foi provavelmente composta durante o per\u00edodo em que foi Mestre de Capela da Catedral de Santiago de Compostela. Tamb\u00e9m ocupou a C\u00e1tedra de M\u00fasica da Universidade de Salamanca. No Arquivo da Catedral de Salamanca conservam-se quase 500&#8230;<\/p>\n<div class=\" [&hellip;]\"><a href=\"https:\/\/ieronimus.es\/pt-pt\/cancao-com-violinos-e-clarim-de-antonio-de-yanguas\/\">Read More <i class=\"os-icon os-icon-angle-right\"><\/i><\/a><\/div>\n","protected":false},"author":1,"featured_media":0,"parent":0,"menu_order":0,"comment_status":"closed","ping_status":"closed","template":"","meta":{"_acf_changed":false,"footnotes":""},"class_list":["post-2293","page","type-page","status-publish","hentry"],"acf":[],"_links":{"self":[{"href":"https:\/\/ieronimus.es\/pt-pt\/wp-json\/wp\/v2\/pages\/2293","targetHints":{"allow":["GET"]}}],"collection":[{"href":"https:\/\/ieronimus.es\/pt-pt\/wp-json\/wp\/v2\/pages"}],"about":[{"href":"https:\/\/ieronimus.es\/pt-pt\/wp-json\/wp\/v2\/types\/page"}],"author":[{"embeddable":true,"href":"https:\/\/ieronimus.es\/pt-pt\/wp-json\/wp\/v2\/users\/1"}],"replies":[{"embeddable":true,"href":"https:\/\/ieronimus.es\/pt-pt\/wp-json\/wp\/v2\/comments?post=2293"}],"version-history":[{"count":1,"href":"https:\/\/ieronimus.es\/pt-pt\/wp-json\/wp\/v2\/pages\/2293\/revisions"}],"predecessor-version":[{"id":2294,"href":"https:\/\/ieronimus.es\/pt-pt\/wp-json\/wp\/v2\/pages\/2293\/revisions\/2294"}],"wp:attachment":[{"href":"https:\/\/ieronimus.es\/pt-pt\/wp-json\/wp\/v2\/media?parent=2293"}],"curies":[{"name":"wp","href":"https:\/\/api.w.org\/{rel}","templated":true}]}}