{"id":2295,"date":"2020-08-26T13:58:17","date_gmt":"2020-08-26T11:58:17","guid":{"rendered":"http:\/\/ieronimus.es\/?page_id=2295"},"modified":"2020-08-26T13:58:18","modified_gmt":"2020-08-26T11:58:18","slug":"fotografias-da-torre-dos-sinos-e-cupula-da-catedral-nova-com-personagens-da-epoca-subidas-as-cata-ventos","status":"publish","type":"page","link":"https:\/\/ieronimus.es\/pt-pt\/fotografias-da-torre-dos-sinos-e-cupula-da-catedral-nova-com-personagens-da-epoca-subidas-as-cata-ventos\/","title":{"rendered":"Fotografias da Torre dos Sinos e C\u00fapula da Catedral Nova com personagens da \u00e9poca subidas \u00e0s cata-ventos"},"content":{"rendered":"\n<h3 class=\"wp-block-heading\">Fins do s\u00e9culo XIX &#8211; anos 20 do s\u00e9culo XX.<\/h3>\n\n\n\n<p>Os sineiros encarregavam-se de controlar o estado das torres e de limpar o rel\u00f3gio.<\/p>\n\n\n\n<p><strong>Fundos de Venancio Gombau e de C\u00e1ndido Ansede. Proced\u00eancia: Filmoteca Regional de Castela e Le\u00e3o.<\/strong><\/p>\n","protected":false},"excerpt":{"rendered":"<p>Fins do s\u00e9culo XIX &#8211; anos 20 do s\u00e9culo XX. Os sineiros encarregavam-se de controlar o estado das torres e de limpar o rel\u00f3gio. Fundos de Venancio Gombau e de C\u00e1ndido Ansede. Proced\u00eancia: Filmoteca Regional de Castela e Le\u00e3o.<\/p>\n","protected":false},"author":1,"featured_media":0,"parent":0,"menu_order":0,"comment_status":"closed","ping_status":"closed","template":"","meta":{"_acf_changed":false,"footnotes":""},"class_list":["post-2295","page","type-page","status-publish","hentry"],"acf":[],"_links":{"self":[{"href":"https:\/\/ieronimus.es\/pt-pt\/wp-json\/wp\/v2\/pages\/2295","targetHints":{"allow":["GET"]}}],"collection":[{"href":"https:\/\/ieronimus.es\/pt-pt\/wp-json\/wp\/v2\/pages"}],"about":[{"href":"https:\/\/ieronimus.es\/pt-pt\/wp-json\/wp\/v2\/types\/page"}],"author":[{"embeddable":true,"href":"https:\/\/ieronimus.es\/pt-pt\/wp-json\/wp\/v2\/users\/1"}],"replies":[{"embeddable":true,"href":"https:\/\/ieronimus.es\/pt-pt\/wp-json\/wp\/v2\/comments?post=2295"}],"version-history":[{"count":1,"href":"https:\/\/ieronimus.es\/pt-pt\/wp-json\/wp\/v2\/pages\/2295\/revisions"}],"predecessor-version":[{"id":2296,"href":"https:\/\/ieronimus.es\/pt-pt\/wp-json\/wp\/v2\/pages\/2295\/revisions\/2296"}],"wp:attachment":[{"href":"https:\/\/ieronimus.es\/pt-pt\/wp-json\/wp\/v2\/media?parent=2295"}],"curies":[{"name":"wp","href":"https:\/\/api.w.org\/{rel}","templated":true}]}}